{"id":720,"date":"2021-05-01T16:58:54","date_gmt":"2021-05-01T16:58:54","guid":{"rendered":"https:\/\/dyffryntrannon.powys.sch.uk\/?page_id=720"},"modified":"2021-05-01T16:58:56","modified_gmt":"2021-05-01T16:58:56","slug":"how-to-set-up-parent-pay","status":"publish","type":"page","link":"https:\/\/dyffryntrannon.powys.sch.uk\/cy\/new-to-school\/how-to-set-up-parent-pay\/","title":{"rendered":"Sut i Sefydlu T\u00e2l Rhiant"},"content":{"rendered":"<p>System Arlwyo Heb Arian Parod<br>Mae gan Ysgol Dyffryn Trannon system arlwyo heb arian parod, a ddefnyddir gan bob disgybl i brynu cinio ysgol, y clwb brecwast a rhai tripiau ysgol.<\/p>\n\n\n\n<p>Mae&#039;r system yn caniat\u00e1u preifatrwydd llwyr i&#039;r disgyblion hynny sydd \u00e2 hawl i Brydau Ysgol Am Ddim ac yn dyrannu&#039;r cyfrifon priodol yn awtomatig gyda&#039;r symiau prydau ysgol am ddim.<\/p>\n\n\n\n<p>Ni dderbynnir sieciau nac arian parod yn yr ysgol i dalu am ginio ysgol na&#039;r clwb brecwast. Bydd angen i chi sefydlu cyfrif ar ParentPay cyn i&#039;ch plentyn allu defnyddio&#039;r System Heb Arian Parod. Byddwch yn derbyn llythyr actifadu yn ystod wythnos gyntaf eich plentyn yn yr ysgol gyda&#039;ch enw defnyddiwr a&#039;ch cyfrinair a chyfarwyddiadau llawn ar sut i wneud hyn. Mae&#039;n bwysig bod arian yn cael ei ychwanegu at gyfrif eich plentyn ar ParentPay cyn gynted ag y bo modd. I gael rhagor o wybodaeth am ParentPay ewch i&#039;w gwefan&nbsp;<a href=\"https:\/\/www.parentpay.com\/\">https:\/\/www.parentpay.com\/<\/a><\/p>\n\n\n\n<p><strong>Gwneud Taliadau<br><\/strong>Mae dau opsiwn ar gyfer gwneud taliadau:<\/p>\n\n\n\n<ol class=\"wp-block-list\"><li>Ar-lein - Mae gwasanaeth talu ar-lein diogel o&#039;r enw ParentPay ar gael i chi dalu am brydau ysgol, rhai teithiau a&#039;r clwb brecwast.<br>Mae ParentPay yn cynnig y rhyddid i wneud taliadau pryd bynnag a lle bynnag yr ydych chi&#039;n hoffi 24 awr y dydd, 7 diwrnod yr wythnos, yn ddiogel gan wybod bod y dechnoleg a ddefnyddir yn defnyddio&#039;r diogelwch rhyngrwyd uchaf sydd ar gael.<br>Bydd gennych gyfrif ar-lein diogel, wedi&#039;i actifadu gan ddefnyddio enw defnyddiwr a chyfrinair unigryw. Os oes gennych fwy nag un plentyn yn yr ysgol hon, gallwch uno eu cyfrifon a chreu un mewngofnodi i&#039;ch holl blant.<br>Mae gwneud taliad yn syml ac mae gan ParentPay hanes talu i chi ei weld yn nes ymlaen, nid oes unrhyw fanylion cerdyn yn cael eu storio mewn unrhyw ran o&#039;r system. Ar \u00f4l i chi actifadu eich cyfrif gallwch wneud taliadau ar-lein ar unwaith. Sylwch mai isafswm lefel y trafodiad ar gyfer gwneud taliad yw \u00a3 1.00. Mae&#039;r system hefyd yn gallu darparu adroddiad i chi sy&#039;n manylu ar bob eitem o fwyd sy&#039;n cael ei weini, pob credyd a wneir i&#039;r system, am unrhyw gyfnod o amser a dangos cydbwysedd cyfredol.<\/li><li>Pwynt T\u00e2l - Ar gyfer rhieni \/ gofalwyr nad oes ganddynt fynediad i&#039;r rhyngrwyd neu nad ydynt am ychwanegu atodol ar-lein, gallwch ddefnyddio unrhyw gyfleuster Pwynt T\u00e2l yn y gymuned. I ddod o hyd i&#039;ch allfa Pwynt Talu agosaf, ewch i&#039;ch cod post a&#039;i nodi&nbsp;<a href=\"https:\/\/paypoint.com\/en-gb\">https:\/\/paypoint.com\/en-gb<\/a>. (Er gwybodaeth, mae CostCutter, Spar, CoOp a McColls yn allfeydd yn Llanidloes) Er mwyn defnyddio&#039;r cyfleuster Pwynt Talu bydd angen cerdyn y gellir ei archebu trwy swyddfa&#039;r ysgol. Os bydd angen cerdyn arnoch, archebwch ef cyn gynted \u00e2 phosibl. Bydd taliadau trwy PayPoint yn cymryd hyd at 48 awr i&#039;w credydu i&#039;r cyfrif priodol.<br>Os oes gennych unrhyw gwestiynau yngl\u0177n \u00e2&#039;r system heb arian parod, mae croeso i chi gysylltu \u00e2&#039;r Gwasanaeth Arlwyo yn&nbsp;<a href=\"mailto:cashless.catering@powys.gov.uk\">cashless.catering@powys.gov.uk<\/a>&nbsp;neu ffoniwch 01597 82 7500.<\/li><\/ol>\n\n\n\n<p><strong>C: Beth yw system heb arian parod?<br><\/strong>A: Mae System Arlwyo Heb Arian yn ddatrysiad sydd wedi&#039;i gynllunio&#039;n bwrpasol i ddiwallu anghenion a gofynion esblygol y ddarpariaeth arlwyo, sy&#039;n ofynnol gan ysgolion heddiw. Mae&#039;n caniat\u00e1u i ysgolion allu darparu gwasanaeth prydau cyflymach, mwy effeithlon a mwy deniadol i&#039;w disgyblion a&#039;u staff yn well.<\/p>\n\n\n\n<p><strong>C: Sut mae hawliau Pryd Ysgol Am Ddim yn gweithio?<br><\/strong>A: Mae&#039;r holl hawliau pryd bwyd am ddim yn cael eu rhoi ar y system.<br>Bydd y System Arlwyo Heb Arian Parod, yn ddyddiol, yn dyrannu&#039;r cyfrifon priodol yn awtomatig gyda&#039;r symiau prydau ysgol am ddim. Mae disgyblion sydd \u00e2 hawl PYDd yn aros yn anhysbys bob amser gan fod mynediad at bob math o gyfrif yn yr un modd, ni waeth a ydynt yn cael eu talu amdanynt ai peidio.<\/p>\n\n\n\n<p><strong>C: Pa ddull o daliadau y gellir eu defnyddio i gredydu cyfrif?<br><\/strong>A: Gellir credydu unrhyw swm (isafswm trafodiad \u00a3 1) i gyfrif trwy unrhyw un o&#039;r dulliau canlynol. Ar \u00f4l i gyfrif gael ei gredydu, ni ellir tynnu&#039;r arian yn \u00f4l a rhaid ei wario ar y gwasanaeth prydau ysgol.<\/p>\n\n\n\n<p><strong>Taliadau Ar-lein<\/strong><br>Rydym wedi cyflwyno taliad ar-lein mewn partneriaeth \u00e2&#039;r Datrysiad Heb Arian Parod. I wneud taliad ar-lein ewch i&nbsp;<a href=\"http:\/\/www.parentpay.com\/\">www.ParentPay.com<\/a><\/p>\n\n\n\n<p><strong>Pwynt T\u00e2l<\/strong><br>Os nad ydych am ychwanegu atodol ar-lein, rhoddir cerdyn Pwyntiau T\u00e2l i chi, y gellir ei ddefnyddio i ychwanegu at gyfrif eich plentyn yn eich siopau Pwynt Talu lleol. Bydd taliadau o ran Pwynt T\u00e2l yn cymryd hyd at 48 awr i&#039;w credydu i&#039;r cyfrif priodol. Gallwch ddod o hyd i&#039;ch siopau lleol trwy ymweld \u00e2&#039;r wefan isod:<br><a href=\"http:\/\/www.paypoint.co.uk\/locator.aspx\">www.paypoint.co.uk\/locator.aspx<\/a><\/p>\n\n\n\n<p><strong>C: Mae gan fy mhlentyn alergedd. A fydd hyn yn cael ei fonitro trwy&#039;r System Heb Arian Parod?<br><\/strong>A: Ydw - mae&#039;r holl gofnodion alergedd sydd wedi&#039;u cofrestru gyda&#039;r ysgol yn cael eu rhoi ar y System Heb Arian Parod.<\/p>\n\n\n\n<p><strong>C: A allaf bennu gofynion dietegol fy mhlentyn?<br><\/strong>A: Bydd y system yn caniat\u00e1u ichi gofrestru unrhyw eitemau na all eich plentyn eu bwyta oherwydd anghenion dietegol neu resymau crefyddol. Rhaid i unrhyw eitem o&#039;r fath gael ei chadarnhau&#039;n ysgrifenedig gan y rhiant neu&#039;r gofalwr a&#039;i chyfeirio i swyddfa&#039;r ysgol.<\/p>\n\n\n\n<p><strong>C: A all unrhyw un arall ddefnyddio cyfrif fy mhlentyn?<br><\/strong>A: Na - oherwydd y diogelwch helaeth ar y system ni fydd unrhyw un yn gallu cyrchu cyfrif eich plentyn. Fel rhagofal eilaidd, dyrennir delwedd llun i bob disgybl.<\/p>\n\n\n\n<p><strong>C: Beth fydd yn digwydd os nad yw cyfrif fy mhlentyn mewn credyd?<br><\/strong>A: Gellir prosesu \u201cbenthyciad\u201d wrth y til a fydd wedyn yn caniat\u00e1u talu am bryd o gyfrif gorddrafft awtomatig. Y terfyn yw \u00a3 5 ac anfonir nodiadau atgoffa trwy e-bost neu negeseuon testun trwy ParentPay<\/p>","protected":false},"excerpt":{"rendered":"<p>Cashless Catering SystemYsgol Dyffryn Trannon has a cashless catering system, used by all pupils to purchase school lunches, the breakfast club and some school trips. The system allows complete privacy for those pupils entitled to Free School Meals and automatically allocates the appropriate accounts with the free school meal amounts. No cheques or cash are&hellip;<\/p>","protected":false},"author":1,"featured_media":0,"parent":60,"menu_order":0,"comment_status":"closed","ping_status":"closed","template":"page-standard.php","meta":{"_acf_changed":false,"footnotes":""},"class_list":["post-720","page","type-page","status-publish","hentry"],"acf":[],"yoast_head":"<!-- This site is optimized with the Yoast SEO plugin v26.5 - https:\/\/yoast.com\/wordpress\/plugins\/seo\/ -->\n<title>How to Set Up Parent Pay - Ysgol Dyffryn Trannon<\/title>\n<meta name=\"robots\" content=\"index, follow, max-snippet:-1, max-image-preview:large, max-video-preview:-1\" \/>\n<link rel=\"canonical\" href=\"http:\/\/dyffryntrannon.powys.sch.uk\/cy\/new-to-school\/how-to-set-up-parent-pay\/\" \/>\n<meta property=\"og:locale\" content=\"en_US\" \/>\n<meta property=\"og:type\" content=\"article\" \/>\n<meta property=\"og:title\" content=\"How to Set Up Parent Pay - Ysgol Dyffryn Trannon\" \/>\n<meta property=\"og:description\" content=\"Cashless Catering SystemYsgol Dyffryn Trannon has a cashless catering system, used by all pupils to purchase school lunches, the breakfast club and some school trips. The system allows complete privacy for those pupils entitled to Free School Meals and automatically allocates the appropriate accounts with the free school meal amounts. No cheques or cash are&hellip;\" \/>\n<meta property=\"og:url\" content=\"http:\/\/dyffryntrannon.powys.sch.uk\/cy\/new-to-school\/how-to-set-up-parent-pay\/\" \/>\n<meta property=\"og:site_name\" content=\"Ysgol Dyffryn Trannon\" \/>\n<meta property=\"article:modified_time\" content=\"2021-05-01T16:58:56+00:00\" \/>\n<meta name=\"twitter:card\" content=\"summary_large_image\" \/>\n<meta name=\"twitter:label1\" content=\"Est. reading time\" \/>\n\t<meta name=\"twitter:data1\" content=\"4 munud\" \/>\n<script type=\"application\/ld+json\" class=\"yoast-schema-graph\">{\"@context\":\"https:\/\/schema.org\",\"@graph\":[{\"@type\":\"WebPage\",\"@id\":\"http:\/\/dyffryntrannon.powys.sch.uk\/en\/new-to-school\/how-to-set-up-parent-pay\/\",\"url\":\"http:\/\/dyffryntrannon.powys.sch.uk\/en\/new-to-school\/how-to-set-up-parent-pay\/\",\"name\":\"How to Set Up Parent Pay - Ysgol Dyffryn Trannon\",\"isPartOf\":{\"@id\":\"http:\/\/dyffryntrannon.powys.sch.uk\/en\/#website\"},\"datePublished\":\"2021-05-01T16:58:54+00:00\",\"dateModified\":\"2021-05-01T16:58:56+00:00\",\"breadcrumb\":{\"@id\":\"http:\/\/dyffryntrannon.powys.sch.uk\/en\/new-to-school\/how-to-set-up-parent-pay\/#breadcrumb\"},\"inLanguage\":\"cy\",\"potentialAction\":[{\"@type\":\"ReadAction\",\"target\":[\"http:\/\/dyffryntrannon.powys.sch.uk\/en\/new-to-school\/how-to-set-up-parent-pay\/\"]}]},{\"@type\":\"BreadcrumbList\",\"@id\":\"http:\/\/dyffryntrannon.powys.sch.uk\/en\/new-to-school\/how-to-set-up-parent-pay\/#breadcrumb\",\"itemListElement\":[{\"@type\":\"ListItem\",\"position\":1,\"name\":\"Home\",\"item\":\"http:\/\/dyffryntrannon.powys.sch.uk\/en\/\"},{\"@type\":\"ListItem\",\"position\":2,\"name\":\"New to School?\",\"item\":\"http:\/\/dyffryntrannon.powys.sch.uk\/en\/new-to-school\/\"},{\"@type\":\"ListItem\",\"position\":3,\"name\":\"How to Set Up Parent Pay\"}]},{\"@type\":\"WebSite\",\"@id\":\"http:\/\/dyffryntrannon.powys.sch.uk\/en\/#website\",\"url\":\"http:\/\/dyffryntrannon.powys.sch.uk\/en\/\",\"name\":\"Ysgol Dyffryn Trannon\",\"description\":\"\",\"potentialAction\":[{\"@type\":\"SearchAction\",\"target\":{\"@type\":\"EntryPoint\",\"urlTemplate\":\"http:\/\/dyffryntrannon.powys.sch.uk\/en\/?s={search_term_string}\"},\"query-input\":{\"@type\":\"PropertyValueSpecification\",\"valueRequired\":true,\"valueName\":\"search_term_string\"}}],\"inLanguage\":\"cy\"}]}<\/script>\n<!-- \/ Yoast SEO plugin. -->","yoast_head_json":{"title":"How to Set Up Parent Pay - Ysgol Dyffryn Trannon","robots":{"index":"index","follow":"follow","max-snippet":"max-snippet:-1","max-image-preview":"max-image-preview:large","max-video-preview":"max-video-preview:-1"},"canonical":"http:\/\/dyffryntrannon.powys.sch.uk\/cy\/new-to-school\/how-to-set-up-parent-pay\/","og_locale":"en_US","og_type":"article","og_title":"How to Set Up Parent Pay - Ysgol Dyffryn Trannon","og_description":"Cashless Catering SystemYsgol Dyffryn Trannon has a cashless catering system, used by all pupils to purchase school lunches, the breakfast club and some school trips. The system allows complete privacy for those pupils entitled to Free School Meals and automatically allocates the appropriate accounts with the free school meal amounts. No cheques or cash are&hellip;","og_url":"http:\/\/dyffryntrannon.powys.sch.uk\/cy\/new-to-school\/how-to-set-up-parent-pay\/","og_site_name":"Ysgol Dyffryn Trannon","article_modified_time":"2021-05-01T16:58:56+00:00","twitter_card":"summary_large_image","twitter_misc":{"Est. reading time":"4 munud"},"schema":{"@context":"https:\/\/schema.org","@graph":[{"@type":"WebPage","@id":"http:\/\/dyffryntrannon.powys.sch.uk\/en\/new-to-school\/how-to-set-up-parent-pay\/","url":"http:\/\/dyffryntrannon.powys.sch.uk\/en\/new-to-school\/how-to-set-up-parent-pay\/","name":"How to Set Up Parent Pay - Ysgol Dyffryn Trannon","isPartOf":{"@id":"http:\/\/dyffryntrannon.powys.sch.uk\/en\/#website"},"datePublished":"2021-05-01T16:58:54+00:00","dateModified":"2021-05-01T16:58:56+00:00","breadcrumb":{"@id":"http:\/\/dyffryntrannon.powys.sch.uk\/en\/new-to-school\/how-to-set-up-parent-pay\/#breadcrumb"},"inLanguage":"cy","potentialAction":[{"@type":"ReadAction","target":["http:\/\/dyffryntrannon.powys.sch.uk\/en\/new-to-school\/how-to-set-up-parent-pay\/"]}]},{"@type":"BreadcrumbList","@id":"http:\/\/dyffryntrannon.powys.sch.uk\/en\/new-to-school\/how-to-set-up-parent-pay\/#breadcrumb","itemListElement":[{"@type":"ListItem","position":1,"name":"Home","item":"http:\/\/dyffryntrannon.powys.sch.uk\/en\/"},{"@type":"ListItem","position":2,"name":"New to School?","item":"http:\/\/dyffryntrannon.powys.sch.uk\/en\/new-to-school\/"},{"@type":"ListItem","position":3,"name":"How to Set Up Parent Pay"}]},{"@type":"WebSite","@id":"http:\/\/dyffryntrannon.powys.sch.uk\/en\/#website","url":"http:\/\/dyffryntrannon.powys.sch.uk\/en\/","name":"Ysgol Dyffryn Trannon","description":"","potentialAction":[{"@type":"SearchAction","target":{"@type":"EntryPoint","urlTemplate":"http:\/\/dyffryntrannon.powys.sch.uk\/en\/?s={search_term_string}"},"query-input":{"@type":"PropertyValueSpecification","valueRequired":true,"valueName":"search_term_string"}}],"inLanguage":"cy"}]}},"_links":{"self":[{"href":"https:\/\/dyffryntrannon.powys.sch.uk\/cy\/wp-json\/wp\/v2\/pages\/720","targetHints":{"allow":["GET"]}}],"collection":[{"href":"https:\/\/dyffryntrannon.powys.sch.uk\/cy\/wp-json\/wp\/v2\/pages"}],"about":[{"href":"https:\/\/dyffryntrannon.powys.sch.uk\/cy\/wp-json\/wp\/v2\/types\/page"}],"author":[{"embeddable":true,"href":"https:\/\/dyffryntrannon.powys.sch.uk\/cy\/wp-json\/wp\/v2\/users\/1"}],"replies":[{"embeddable":true,"href":"https:\/\/dyffryntrannon.powys.sch.uk\/cy\/wp-json\/wp\/v2\/comments?post=720"}],"version-history":[{"count":1,"href":"https:\/\/dyffryntrannon.powys.sch.uk\/cy\/wp-json\/wp\/v2\/pages\/720\/revisions"}],"predecessor-version":[{"id":721,"href":"https:\/\/dyffryntrannon.powys.sch.uk\/cy\/wp-json\/wp\/v2\/pages\/720\/revisions\/721"}],"up":[{"embeddable":true,"href":"https:\/\/dyffryntrannon.powys.sch.uk\/cy\/wp-json\/wp\/v2\/pages\/60"}],"wp:attachment":[{"href":"https:\/\/dyffryntrannon.powys.sch.uk\/cy\/wp-json\/wp\/v2\/media?parent=720"}],"curies":[{"name":"wp","href":"https:\/\/api.w.org\/{rel}","templated":true}]}}